{"id":15056,"date":"2023-08-09T17:06:18","date_gmt":"2023-08-09T15:06:18","guid":{"rendered":"https:\/\/www.cesantoni.com.mx\/proyectos\/"},"modified":"2023-09-07T13:03:11","modified_gmt":"2023-09-07T11:03:11","slug":"developments","status":"publish","type":"page","link":"https:\/\/www.cesantoni.com.mx\/en\/developments\/","title":{"rendered":"Developments"},"content":{"rendered":"\t\t<div data-elementor-type=\"wp-page\" data-elementor-id=\"15056\" class=\"elementor elementor-15056 elementor-15035\" data-elementor-post-type=\"page\">\n\t\t\t\t\t\t<section class=\"elementor-section elementor-top-section elementor-element elementor-element-c458ee6 elementor-section-boxed elementor-section-height-default elementor-section-height-default\" data-id=\"c458ee6\" data-element_type=\"section\">\n\t\t\t\t\t\t<div class=\"elementor-container elementor-column-gap-default\">\n\t\t\t\t\t<div class=\"elementor-column elementor-col-100 elementor-top-column elementor-element elementor-element-b367d11\" data-id=\"b367d11\" data-element_type=\"column\">\n\t\t\t<div class=\"elementor-widget-wrap\">\n\t\t\t\t\t\t\t<\/div>\n\t\t<\/div>\n\t\t\t\t\t<\/div>\n\t\t<\/section>\n\t\t\t\t<section class=\"elementor-section elementor-top-section elementor-element elementor-element-817c2be elementor-section-full_width elementor-section-height-default elementor-section-height-default\" data-id=\"817c2be\" data-element_type=\"section\">\n\t\t\t\t\t\t<div class=\"elementor-container elementor-column-gap-no\">\n\t\t\t\t\t<div class=\"elementor-column elementor-col-100 elementor-top-column elementor-element elementor-element-e8fac3c\" data-id=\"e8fac3c\" data-element_type=\"column\">\n\t\t\t<div class=\"elementor-widget-wrap elementor-element-populated\">\n\t\t\t\t\t\t<div class=\"elementor-element elementor-element-c51634d dce-posts-layout-float dce-col-2 dce-col-tablet-3 dce-col-mobile-1 dce-align-left elementor-widget elementor-widget-dce-dynamicposts-v2\" data-id=\"c51634d\" data-element_type=\"widget\" data-settings=\"{&quot;style_items&quot;:&quot;float&quot;,&quot;grid_match_height&quot;:&quot;yes&quot;,&quot;grid_grid_type&quot;:&quot;flex&quot;}\" data-widget_type=\"dce-dynamicposts-v2.grid\">\n\t\t\t\t<div class=\"elementor-widget-container\">\n\t\t\t\t\t\n\t\t<div class=\"dce-fix-background-loop dce-posts-container dce-posts dce-dynamic-posts-collection  dce-skin-grid dce-skin-grid-flex\">\n\t\t\t\t\t\t<div class=\"dce-posts-wrapper dce-wrapper-grid\">\n\t\t\t\n\t\t<article class=\"post-30765 proyecto type-proyecto status-publish has-post-thumbnail hentry dce-post dce-post-item dce-item-grid\" data-dce-post-id=\"30765\" data-dce-post-index=\"0\">\n\t\t\t<div class=\"dce-post-block\">\n\t\t<div class=\"dce-image-area dce-item-area\"><div class=\"dce-item dce-item_image elementor-repeater-item-684fa0d\"><a class=\"dce-post-image\" href=\"https:\/\/www.cesantoni.com.mx\/en\/proyecto\/contemplar-el-diseno-cesantoni-y-acoocooro\/\"><figure data-image-ratio=\"0.6\" class=\"dce-img\"><img fetchpriority=\"high\" decoding=\"async\" width=\"800\" height=\"403\" src=\"https:\/\/www.cesantoni.com.mx\/wp-content\/uploads\/Blog_Portada_Cesantoni_Acoocooro-1-1024x516.jpg\" class=\"\" alt=\"Contemplar el dise\u00f1o: Cesantoni y Acoocooro\" srcset=\"https:\/\/www.cesantoni.com.mx\/wp-content\/uploads\/Blog_Portada_Cesantoni_Acoocooro-1-1024x516.jpg 1024w, https:\/\/www.cesantoni.com.mx\/wp-content\/uploads\/Blog_Portada_Cesantoni_Acoocooro-1-300x151.jpg 300w, https:\/\/www.cesantoni.com.mx\/wp-content\/uploads\/Blog_Portada_Cesantoni_Acoocooro-1-768x387.jpg 768w, https:\/\/www.cesantoni.com.mx\/wp-content\/uploads\/Blog_Portada_Cesantoni_Acoocooro-1-1536x774.jpg 1536w, https:\/\/www.cesantoni.com.mx\/wp-content\/uploads\/Blog_Portada_Cesantoni_Acoocooro-1.jpg 1920w\" sizes=\"(max-width: 800px) 100vw, 800px\" \/><\/figure><\/a><\/div><\/div><div class=\"dce-content-area dce-item-area\"><div class=\"dce-item dce-item_title elementor-repeater-item-c68f185\"><h3 class=\"dce-post-title\"><a href=\"https:\/\/www.cesantoni.com.mx\/en\/proyecto\/contemplar-el-diseno-cesantoni-y-acoocooro\/\">Contemplar el dise\u00f1o: Cesantoni y Acoocooro<\/a><\/h3><\/div><\/div>\t\t\t<\/div>\n\t\t<\/article>\n\t\t\n\t\t<article class=\"post-22962 proyecto type-proyecto status-publish has-post-thumbnail hentry dce-post dce-post-item dce-item-grid\" data-dce-post-id=\"22962\" data-dce-post-index=\"1\">\n\t\t\t<div class=\"dce-post-block\">\n\t\t<div class=\"dce-image-area dce-item-area\"><div class=\"dce-item dce-item_image elementor-repeater-item-684fa0d\"><a class=\"dce-post-image\" href=\"https:\/\/www.cesantoni.com.mx\/en\/proyecto\/la-arquitectura-que-inspira-en-la-cuatro-barras-de-cafe\/\"><figure data-image-ratio=\"0.6\" class=\"dce-img\"><img decoding=\"async\" width=\"800\" height=\"403\" src=\"https:\/\/www.cesantoni.com.mx\/wp-content\/uploads\/Blog_Modern-Cottage-1024x516.jpg\" class=\"\" alt=\"La arquitectura que Inspira en &#8216;La Cuatro Barra de Caf\u00e9\" srcset=\"https:\/\/www.cesantoni.com.mx\/wp-content\/uploads\/Blog_Modern-Cottage-1024x516.jpg 1024w, https:\/\/www.cesantoni.com.mx\/wp-content\/uploads\/Blog_Modern-Cottage-300x151.jpg 300w, https:\/\/www.cesantoni.com.mx\/wp-content\/uploads\/Blog_Modern-Cottage-768x387.jpg 768w, https:\/\/www.cesantoni.com.mx\/wp-content\/uploads\/Blog_Modern-Cottage-1536x774.jpg 1536w, https:\/\/www.cesantoni.com.mx\/wp-content\/uploads\/Blog_Modern-Cottage.jpg 1920w\" sizes=\"(max-width: 800px) 100vw, 800px\" \/><\/figure><\/a><\/div><\/div><div class=\"dce-content-area dce-item-area\"><div class=\"dce-item dce-item_title elementor-repeater-item-c68f185\"><h3 class=\"dce-post-title\"><a href=\"https:\/\/www.cesantoni.com.mx\/en\/proyecto\/la-arquitectura-que-inspira-en-la-cuatro-barras-de-cafe\/\">La arquitectura que Inspira en &#8216;La Cuatro Barra de Caf\u00e9<\/a><\/h3><\/div><\/div>\t\t\t<\/div>\n\t\t<\/article>\n\t\t\n\t\t<article class=\"post-20571 proyecto type-proyecto status-publish has-post-thumbnail hentry dce-post dce-post-item dce-item-grid\" data-dce-post-id=\"20571\" data-dce-post-index=\"2\">\n\t\t\t<div class=\"dce-post-block\">\n\t\t<div class=\"dce-image-area dce-item-area\"><div class=\"dce-item dce-item_image elementor-repeater-item-684fa0d\"><a class=\"dce-post-image\" href=\"https:\/\/www.cesantoni.com.mx\/en\/proyecto\/sabor-y-estilo-en-regio-norte-una-experiencia-unica\/\"><figure data-image-ratio=\"0.6\" class=\"dce-img\"><img decoding=\"async\" width=\"800\" height=\"350\" src=\"https:\/\/www.cesantoni.com.mx\/wp-content\/uploads\/TileBlog_regio2-1024x448.jpg\" class=\"\" alt=\"Sabor y Estilo en Regio Norte: Una Experiencia \u00danica\" srcset=\"https:\/\/www.cesantoni.com.mx\/wp-content\/uploads\/\/TileBlog_regio2-1024x448.jpg 1024w, https:\/\/www.cesantoni.com.mx\/wp-content\/uploads\/\/TileBlog_regio2-300x131.jpg 300w, https:\/\/www.cesantoni.com.mx\/wp-content\/uploads\/\/TileBlog_regio2-768x336.jpg 768w, https:\/\/www.cesantoni.com.mx\/wp-content\/uploads\/\/TileBlog_regio2-1536x672.jpg 1536w, https:\/\/www.cesantoni.com.mx\/wp-content\/uploads\/\/TileBlog_regio2.jpg 1920w\" sizes=\"(max-width: 800px) 100vw, 800px\" \/><\/figure><\/a><\/div><\/div><div class=\"dce-content-area dce-item-area\"><div class=\"dce-item dce-item_title elementor-repeater-item-c68f185\"><h3 class=\"dce-post-title\"><a href=\"https:\/\/www.cesantoni.com.mx\/en\/proyecto\/sabor-y-estilo-en-regio-norte-una-experiencia-unica\/\">Sabor y Estilo en Regio Norte: Una Experiencia \u00danica<\/a><\/h3><\/div><\/div>\t\t\t<\/div>\n\t\t<\/article>\n\t\t\n\t\t<article class=\"post-20269 proyecto type-proyecto status-publish has-post-thumbnail hentry dce-post dce-post-item dce-item-grid\" data-dce-post-id=\"20269\" data-dce-post-index=\"3\">\n\t\t\t<div class=\"dce-post-block\">\n\t\t<div class=\"dce-image-area dce-item-area\"><div class=\"dce-item dce-item_image elementor-repeater-item-684fa0d\"><a class=\"dce-post-image\" href=\"https:\/\/www.cesantoni.com.mx\/en\/proyecto\/un-espacio-creativo\/\"><figure data-image-ratio=\"0.6\" class=\"dce-img\"><img loading=\"lazy\" decoding=\"async\" width=\"800\" height=\"350\" src=\"https:\/\/www.cesantoni.com.mx\/wp-content\/uploads\/TileBlog_COOKIE-1024x448.jpg\" class=\"\" alt=\"Un Espacio Creativo\" srcset=\"https:\/\/www.cesantoni.com.mx\/wp-content\/uploads\/\/TileBlog_COOKIE-1024x448.jpg 1024w, https:\/\/www.cesantoni.com.mx\/wp-content\/uploads\/\/TileBlog_COOKIE-300x131.jpg 300w, https:\/\/www.cesantoni.com.mx\/wp-content\/uploads\/\/TileBlog_COOKIE-768x336.jpg 768w, https:\/\/www.cesantoni.com.mx\/wp-content\/uploads\/\/TileBlog_COOKIE-1536x672.jpg 1536w, https:\/\/www.cesantoni.com.mx\/wp-content\/uploads\/\/TileBlog_COOKIE.jpg 1920w\" sizes=\"(max-width: 800px) 100vw, 800px\" \/><\/figure><\/a><\/div><\/div><div class=\"dce-content-area dce-item-area\"><div class=\"dce-item dce-item_title elementor-repeater-item-c68f185\"><h3 class=\"dce-post-title\"><a href=\"https:\/\/www.cesantoni.com.mx\/en\/proyecto\/un-espacio-creativo\/\">Un Espacio Creativo<\/a><\/h3><\/div><\/div>\t\t\t<\/div>\n\t\t<\/article>\n\t\t\n\t\t<article class=\"post-18610 proyecto type-proyecto status-publish has-post-thumbnail hentry dce-post dce-post-item dce-item-grid\" data-dce-post-id=\"18610\" data-dce-post-index=\"4\">\n\t\t\t<div class=\"dce-post-block\">\n\t\t<div class=\"dce-image-area dce-item-area\"><div class=\"dce-item dce-item_image elementor-repeater-item-684fa0d\"><a class=\"dce-post-image\" href=\"https:\/\/www.cesantoni.com.mx\/en\/proyecto\/un-lugar-de-inspiracion-y-paz\/\"><figure data-image-ratio=\"0.6\" class=\"dce-img\"><img loading=\"lazy\" decoding=\"async\" width=\"800\" height=\"350\" src=\"https:\/\/www.cesantoni.com.mx\/wp-content\/uploads\/TileBlog_Cs-1024x448.jpg\" class=\"\" alt=\"Un Lugar de Inspiraci\u00f3n y Paz\" srcset=\"https:\/\/www.cesantoni.com.mx\/wp-content\/uploads\/\/TileBlog_Cs-1024x448.jpg 1024w, https:\/\/www.cesantoni.com.mx\/wp-content\/uploads\/\/TileBlog_Cs-300x131.jpg 300w, https:\/\/www.cesantoni.com.mx\/wp-content\/uploads\/\/TileBlog_Cs-768x336.jpg 768w, https:\/\/www.cesantoni.com.mx\/wp-content\/uploads\/\/TileBlog_Cs-1536x672.jpg 1536w, https:\/\/www.cesantoni.com.mx\/wp-content\/uploads\/\/TileBlog_Cs.jpg 1920w\" sizes=\"(max-width: 800px) 100vw, 800px\" \/><\/figure><\/a><\/div><\/div><div class=\"dce-content-area dce-item-area\"><div class=\"dce-item dce-item_title elementor-repeater-item-c68f185\"><h3 class=\"dce-post-title\"><a href=\"https:\/\/www.cesantoni.com.mx\/en\/proyecto\/un-lugar-de-inspiracion-y-paz\/\">Un Lugar de Inspiraci\u00f3n y Paz<\/a><\/h3><\/div><\/div>\t\t\t<\/div>\n\t\t<\/article>\n\t\t\n\t\t<article class=\"post-18534 proyecto type-proyecto status-publish has-post-thumbnail hentry dce-post dce-post-item dce-item-grid\" data-dce-post-id=\"18534\" data-dce-post-index=\"5\">\n\t\t\t<div class=\"dce-post-block\">\n\t\t<div class=\"dce-image-area dce-item-area\"><div class=\"dce-item dce-item_image elementor-repeater-item-684fa0d\"><a class=\"dce-post-image\" href=\"https:\/\/www.cesantoni.com.mx\/en\/proyecto\/la-inspiracion-detras-de-una-renovacion\/\"><figure data-image-ratio=\"0.6\" class=\"dce-img\"><img loading=\"lazy\" decoding=\"async\" width=\"800\" height=\"350\" src=\"https:\/\/www.cesantoni.com.mx\/wp-content\/uploads\/TileBlog_CG2-1024x448.jpg\" class=\"\" alt=\"La Inspiraci\u00f3n Detr\u00e1s de una Renovaci\u00f3n\" srcset=\"https:\/\/www.cesantoni.com.mx\/wp-content\/uploads\/\/TileBlog_CG2-1024x448.jpg 1024w, https:\/\/www.cesantoni.com.mx\/wp-content\/uploads\/\/TileBlog_CG2-300x131.jpg 300w, https:\/\/www.cesantoni.com.mx\/wp-content\/uploads\/\/TileBlog_CG2-768x336.jpg 768w, https:\/\/www.cesantoni.com.mx\/wp-content\/uploads\/\/TileBlog_CG2-1536x672.jpg 1536w, https:\/\/www.cesantoni.com.mx\/wp-content\/uploads\/\/TileBlog_CG2.jpg 1920w\" sizes=\"(max-width: 800px) 100vw, 800px\" \/><\/figure><\/a><\/div><\/div><div class=\"dce-content-area dce-item-area\"><div class=\"dce-item dce-item_title elementor-repeater-item-c68f185\"><h3 class=\"dce-post-title\"><a href=\"https:\/\/www.cesantoni.com.mx\/en\/proyecto\/la-inspiracion-detras-de-una-renovacion\/\">La Inspiraci\u00f3n Detr\u00e1s de una Renovaci\u00f3n<\/a><\/h3><\/div><\/div>\t\t\t<\/div>\n\t\t<\/article>\n\t\t\t\t\t<\/div>\n\t\t\t\t\t<\/div>\n\t\t<div class=\"dce-pagination dce-pagination-bottom\" dir=\"\"><span class=\"current\" aria-current=\"page\">1<\/span><a href=\"https:\/\/www.cesantoni.com.mx\/en\/wp-json\/wp\/v2\/pages\/15056\/page\/2\/\" class=\"inactive\" rel=\"next\">2<\/a><a href=\"https:\/\/www.cesantoni.com.mx\/en\/wp-json\/wp\/v2\/pages\/15056\/page\/3\/\" class=\"inactive\" rel=\"next\">3<\/a><a href=\"https:\/\/www.cesantoni.com.mx\/en\/wp-json\/wp\/v2\/pages\/15056\/page\/4\/\" class=\"inactive\" rel=\"next\">4<\/a><\/div>\t\t\t\t<\/div>\n\t\t\t\t<\/div>\n\t\t\t\t\t<\/div>\n\t\t<\/div>\n\t\t\t\t\t<\/div>\n\t\t<\/section>\n\t\t\t\t<\/div>\n\t\t","protected":false},"excerpt":{"rendered":"<p>No hay proyectos.<\/p>\n","protected":false},"author":1,"featured_media":0,"parent":0,"menu_order":0,"comment_status":"closed","ping_status":"closed","template":"elementor_header_footer","meta":{"footnotes":""},"class_list":["post-15056","page","type-page","status-publish","hentry"],"acf":[],"_links":{"self":[{"href":"https:\/\/www.cesantoni.com.mx\/en\/wp-json\/wp\/v2\/pages\/15056","targetHints":{"allow":["GET"]}}],"collection":[{"href":"https:\/\/www.cesantoni.com.mx\/en\/wp-json\/wp\/v2\/pages"}],"about":[{"href":"https:\/\/www.cesantoni.com.mx\/en\/wp-json\/wp\/v2\/types\/page"}],"author":[{"embeddable":true,"href":"https:\/\/www.cesantoni.com.mx\/en\/wp-json\/wp\/v2\/users\/1"}],"replies":[{"embeddable":true,"href":"https:\/\/www.cesantoni.com.mx\/en\/wp-json\/wp\/v2\/comments?post=15056"}],"version-history":[{"count":0,"href":"https:\/\/www.cesantoni.com.mx\/en\/wp-json\/wp\/v2\/pages\/15056\/revisions"}],"wp:attachment":[{"href":"https:\/\/www.cesantoni.com.mx\/en\/wp-json\/wp\/v2\/media?parent=15056"}],"curies":[{"name":"wp","href":"https:\/\/api.w.org\/{rel}","templated":true}]}}